{"id":246573,"date":"2021-12-06T09:29:45","date_gmt":"2021-12-06T08:29:45","guid":{"rendered":"https:\/\/raulmiguelrodriguez.com\/privacy-policy\/"},"modified":"2024-05-12T20:52:44","modified_gmt":"2024-05-12T18:52:44","slug":"privacy-policy","status":"publish","type":"page","link":"https:\/\/raulmiguelrodriguez.com\/en\/privacy-policy\/","title":{"rendered":"Privacy Policy"},"content":{"rendered":"&#13;\n<p>El responsable del tratamiento de los datos de identificaci\u00f3n personal recogidos a trav\u00e9s de la web a la que se accede desde los dominios vamsmusicagency.es es EVENTOS LA TERCERA S.L con domicilio en Avda. Valdelaparra 102. Alcobendas. Madrid.<\/p>&#13;\n<p>Todos los datos facilitados por los usuarios como consecuencia de la utilizaci\u00f3n y\/o solicitud de los servicios ofrecidos por EVENTOS LA TERCERA S.L a trav\u00e9s de la Web a la que se accede, mediante la direcci\u00f3n vamsmusicagency.es, ser\u00e1n objeto de tratamiento automatizado e incorporados a los correspondientes ficheros cuyo responsable es la empresa EVENTOS LA TERCERA S.L.<\/p>&#13;\n<p>Los usuarios que faciliten datos de car\u00e1cter personal, consienten inequ\u00edvocamente la incorporaci\u00f3n de los datos facilitados a dichos ficheros automatizados y al tratamiento informatizado o no de los mismos con fines de publicidad y de prospecci\u00f3n comercial. Cuando la utilizaci\u00f3n o solicitud de alg\u00fan servicio requiera la facilitaci\u00f3n de datos de car\u00e1cter personal, los usuarios garantizar\u00e1n su exactitud, autenticidad y vigencia.<\/p>&#13;\n<p>En base a lo expuesto, los usuarios tendr\u00e1n la obligaci\u00f3n de mantener actualizados los datos, de tal forma que correspondan a la realidad en cada momento.<\/p>&#13;\n<p>Los usuarios cuyos datos sean objeto de tratamiento podr\u00e1n ejercitar gratuitamente los derechos de oposici\u00f3n, acceso e informaci\u00f3n, rectificaci\u00f3n, cancelaci\u00f3n de sus datos y revocaci\u00f3n de su autorizaci\u00f3n, sin efectos retroactivos en los t\u00e9rminos especificados en la Ley Org\u00e1nica 15\/1999 de Protecci\u00f3n de Datos de Car\u00e1cter Personal y Reglamento que lo desarrolla, conforme al procedimiento legalmente establecido. Estos derechos podr\u00e1n ser ejercitados mediante el env\u00edo de un correo electr\u00f3nico a info@grupo2000musicagency.com o por comunicaci\u00f3n escrita dirigida a EVENTOS LA TERCERA S.L con domicilio con domicilio en Avda. Valdelaparra 102. Alcobendas. Madrid.<\/p>&#13;\n<p>Los datos incorporados a los ficheros automatizados de EVENTOS LA TERCERA S.L \u00danicamente ser\u00e1n utilizados con la finalidad de posibilitar el normal desarrollo de los servicios e informaciones solicitados por los usuarios, efectuar estad\u00edsticas y dem\u00e1s finalidades derivadas de las actividades y servicios propios de EVENTOS LA TERCERA S.L<\/p>&#13;\n<p>Al facilitarnos su direcci\u00f3n de correo electr\u00f3nico o el tel\u00e9fono nos estar\u00e1 autorizando expresamente a que le remitamos comunicaciones publicitarias o promocionales por el medio de contacto facilitado, conforme a lo establecido en el art\u00edculo 21 de la Ley 34\/2002, de 11 de julio, de Servicios de la Sociedad de la Informaci\u00f3n. Para la cancelaci\u00f3n de las comunicaciones electr\u00f3nicas, por favor dir\u00edjase a EVENTOS LA TERCERA S.L., EVENTOS LA TERCERA S.L se compromete a no recabar informaci\u00f3n innecesaria sobre sus usuarios, indic\u00e1ndoles en el momento de proceder a la recogida de los datos el car\u00e1cter obligatorio o facultativo de las respuestas a las cuestiones que le sean planteadas; a tratar con extrema diligencia la informaci\u00f3n personal que le puedan facilitar los usuarios; y a cumplir en cualquier fase del tratamiento con la obligaci\u00f3n de guardar secreto respecto de los datos facilitados por \u00e9stos.<\/p>&#13;\n<p>EVENTOS LA TERCERA S.L ha adoptado las medidas t\u00e9cnicas y organizativas necesarias para garantizar la seguridad e integridad de los datos, as\u00ed como para evitar su alteraci\u00f3n, p\u00e9rdida, tratamiento o acceso no autorizado conforme a la legislaci\u00f3n vigente en materia de protecci\u00f3n de datos.<\/p>&#13;\n<p>EVENTOS LA TERCERA S.L se reserva el derecho a modificar la pol\u00edtica de privacidad, siempre en los t\u00e9rminos permitidos por la legislaci\u00f3n espa\u00f1ola vigente y previa comunicaci\u00f3n a los interesados, bien mediante publicaci\u00f3n en esta p\u00e1gina o por cualquier otro medio de comunicaci\u00f3n o difusi\u00f3n que se considere oportuno.<\/p>&#13;\n","protected":false},"excerpt":{"rendered":"<p>&#13; El responsable del tratamiento de los datos de identificaci\u00f3n personal recogidos a trav\u00e9s de la web a la que se accede desde los dominios vamsmusicagency.es es EVENTOS LA TERCERA S.L con domicilio en Avda. Valdelaparra 102. Alcobendas. Madrid. &#13; Todos los datos facilitados por los usuarios como consecuencia de la utilizaci\u00f3n y\/o solicitud de [&hellip;]<\/p>\n","protected":false},"author":1,"featured_media":0,"parent":0,"menu_order":0,"comment_status":"closed","ping_status":"open","template":"","meta":{"_et_pb_use_builder":"","_et_pb_old_content":"","_et_gb_content_width":"","footnotes":""},"class_list":["post-246573","page","type-page","status-publish","hentry"],"yoast_head":"<!-- This site is optimized with the Yoast SEO plugin v27.2 - https:\/\/yoast.com\/product\/yoast-seo-wordpress\/ -->\n<title>Privacy Policy - Ra\u00fal Miguel Rodr\u00edguez<\/title>\n<meta name=\"robots\" content=\"index, follow, max-snippet:-1, max-image-preview:large, max-video-preview:-1\" \/>\n<link rel=\"canonical\" href=\"https:\/\/raulmiguelrodriguez.com\/en\/privacy-policy\/\" \/>\n<meta property=\"og:locale\" content=\"en_US\" \/>\n<meta property=\"og:type\" content=\"article\" \/>\n<meta property=\"og:title\" content=\"Privacy Policy - Ra\u00fal Miguel Rodr\u00edguez\" \/>\n<meta property=\"og:description\" content=\"&#013; El responsable del tratamiento de los datos de identificaci\u00f3n personal recogidos a trav\u00e9s de la web a la que se accede desde los dominios vamsmusicagency.es es EVENTOS LA TERCERA S.L con domicilio en Avda. Valdelaparra 102. Alcobendas. Madrid. &#013; Todos los datos facilitados por los usuarios como consecuencia de la utilizaci\u00f3n y\/o solicitud de [&hellip;]\" \/>\n<meta property=\"og:url\" content=\"https:\/\/raulmiguelrodriguez.com\/en\/privacy-policy\/\" \/>\n<meta property=\"og:site_name\" content=\"Ra\u00fal Miguel Rodr\u00edguez\" \/>\n<meta property=\"article:modified_time\" content=\"2024-05-12T18:52:44+00:00\" \/>\n<meta name=\"twitter:card\" content=\"summary_large_image\" \/>\n<meta name=\"twitter:label1\" content=\"Est. reading time\" \/>\n\t<meta name=\"twitter:data1\" content=\"3 minutes\" \/>\n<script type=\"application\/ld+json\" class=\"yoast-schema-graph\">{\"@context\":\"https:\/\/schema.org\",\"@graph\":[{\"@type\":\"WebPage\",\"@id\":\"https:\/\/raulmiguelrodriguez.com\/en\/privacy-policy\/\",\"url\":\"https:\/\/raulmiguelrodriguez.com\/en\/privacy-policy\/\",\"name\":\"Privacy Policy - Ra\u00fal Miguel Rodr\u00edguez\",\"isPartOf\":{\"@id\":\"https:\/\/raulmiguelrodriguez.com\/en\/#website\"},\"datePublished\":\"2021-12-06T08:29:45+00:00\",\"dateModified\":\"2024-05-12T18:52:44+00:00\",\"breadcrumb\":{\"@id\":\"https:\/\/raulmiguelrodriguez.com\/en\/privacy-policy\/#breadcrumb\"},\"inLanguage\":\"en-US\",\"potentialAction\":[{\"@type\":\"ReadAction\",\"target\":[\"https:\/\/raulmiguelrodriguez.com\/en\/privacy-policy\/\"]}]},{\"@type\":\"BreadcrumbList\",\"@id\":\"https:\/\/raulmiguelrodriguez.com\/en\/privacy-policy\/#breadcrumb\",\"itemListElement\":[{\"@type\":\"ListItem\",\"position\":1,\"name\":\"Portada\",\"item\":\"https:\/\/raulmiguelrodriguez.com\/en\/\"},{\"@type\":\"ListItem\",\"position\":2,\"name\":\"Privacy Policy\"}]},{\"@type\":\"WebSite\",\"@id\":\"https:\/\/raulmiguelrodriguez.com\/en\/#website\",\"url\":\"https:\/\/raulmiguelrodriguez.com\/en\/\",\"name\":\"Ra\u00fal Miguel Rodr\u00edguez\",\"description\":\"\",\"potentialAction\":[{\"@type\":\"SearchAction\",\"target\":{\"@type\":\"EntryPoint\",\"urlTemplate\":\"https:\/\/raulmiguelrodriguez.com\/en\/?s={search_term_string}\"},\"query-input\":{\"@type\":\"PropertyValueSpecification\",\"valueRequired\":true,\"valueName\":\"search_term_string\"}}],\"inLanguage\":\"en-US\"}]}<\/script>\n<!-- \/ Yoast SEO plugin. -->","yoast_head_json":{"title":"Privacy Policy - Ra\u00fal Miguel Rodr\u00edguez","robots":{"index":"index","follow":"follow","max-snippet":"max-snippet:-1","max-image-preview":"max-image-preview:large","max-video-preview":"max-video-preview:-1"},"canonical":"https:\/\/raulmiguelrodriguez.com\/en\/privacy-policy\/","og_locale":"en_US","og_type":"article","og_title":"Privacy Policy - Ra\u00fal Miguel Rodr\u00edguez","og_description":"&#13; El responsable del tratamiento de los datos de identificaci\u00f3n personal recogidos a trav\u00e9s de la web a la que se accede desde los dominios vamsmusicagency.es es EVENTOS LA TERCERA S.L con domicilio en Avda. Valdelaparra 102. Alcobendas. Madrid. &#13; Todos los datos facilitados por los usuarios como consecuencia de la utilizaci\u00f3n y\/o solicitud de [&hellip;]","og_url":"https:\/\/raulmiguelrodriguez.com\/en\/privacy-policy\/","og_site_name":"Ra\u00fal Miguel Rodr\u00edguez","article_modified_time":"2024-05-12T18:52:44+00:00","twitter_card":"summary_large_image","twitter_misc":{"Est. reading time":"3 minutes"},"schema":{"@context":"https:\/\/schema.org","@graph":[{"@type":"WebPage","@id":"https:\/\/raulmiguelrodriguez.com\/en\/privacy-policy\/","url":"https:\/\/raulmiguelrodriguez.com\/en\/privacy-policy\/","name":"Privacy Policy - Ra\u00fal Miguel Rodr\u00edguez","isPartOf":{"@id":"https:\/\/raulmiguelrodriguez.com\/en\/#website"},"datePublished":"2021-12-06T08:29:45+00:00","dateModified":"2024-05-12T18:52:44+00:00","breadcrumb":{"@id":"https:\/\/raulmiguelrodriguez.com\/en\/privacy-policy\/#breadcrumb"},"inLanguage":"en-US","potentialAction":[{"@type":"ReadAction","target":["https:\/\/raulmiguelrodriguez.com\/en\/privacy-policy\/"]}]},{"@type":"BreadcrumbList","@id":"https:\/\/raulmiguelrodriguez.com\/en\/privacy-policy\/#breadcrumb","itemListElement":[{"@type":"ListItem","position":1,"name":"Portada","item":"https:\/\/raulmiguelrodriguez.com\/en\/"},{"@type":"ListItem","position":2,"name":"Privacy Policy"}]},{"@type":"WebSite","@id":"https:\/\/raulmiguelrodriguez.com\/en\/#website","url":"https:\/\/raulmiguelrodriguez.com\/en\/","name":"Ra\u00fal Miguel Rodr\u00edguez","description":"","potentialAction":[{"@type":"SearchAction","target":{"@type":"EntryPoint","urlTemplate":"https:\/\/raulmiguelrodriguez.com\/en\/?s={search_term_string}"},"query-input":{"@type":"PropertyValueSpecification","valueRequired":true,"valueName":"search_term_string"}}],"inLanguage":"en-US"}]}},"_links":{"self":[{"href":"https:\/\/raulmiguelrodriguez.com\/en\/wp-json\/wp\/v2\/pages\/246573","targetHints":{"allow":["GET"]}}],"collection":[{"href":"https:\/\/raulmiguelrodriguez.com\/en\/wp-json\/wp\/v2\/pages"}],"about":[{"href":"https:\/\/raulmiguelrodriguez.com\/en\/wp-json\/wp\/v2\/types\/page"}],"author":[{"embeddable":true,"href":"https:\/\/raulmiguelrodriguez.com\/en\/wp-json\/wp\/v2\/users\/1"}],"replies":[{"embeddable":true,"href":"https:\/\/raulmiguelrodriguez.com\/en\/wp-json\/wp\/v2\/comments?post=246573"}],"version-history":[{"count":0,"href":"https:\/\/raulmiguelrodriguez.com\/en\/wp-json\/wp\/v2\/pages\/246573\/revisions"}],"wp:attachment":[{"href":"https:\/\/raulmiguelrodriguez.com\/en\/wp-json\/wp\/v2\/media?parent=246573"}],"curies":[{"name":"wp","href":"https:\/\/api.w.org\/{rel}","templated":true}]}}